{"id":4006,"date":"2020-01-13T11:17:52","date_gmt":"2020-01-13T11:17:52","guid":{"rendered":"https:\/\/demosites.io\/web-agency-gb\/?page_id=5"},"modified":"2025-10-23T19:25:15","modified_gmt":"2025-10-23T22:25:15","slug":"15c42-web-agency-gb-home","status":"publish","type":"page","link":"https:\/\/xtri.com.br\/","title":{"rendered":"Home"},"content":{"rendered":"\n<div class=\"wp-block-cover alignfull is-light has-parallax has-custom-content-position is-position-top-center has-small-font-size\" style=\"min-height:718px;aspect-ratio:unset;\"><span aria-hidden=\"true\" class=\"wp-block-cover__background has-background-dim-0 has-background-dim\"><\/span><div class=\"wp-block-cover__image-background wp-image-109 has-parallax\" style=\"background-position:50% 50%;background-image:url(http:\/\/xtri.com.br\/wp-content\/uploads\/2020\/07\/web-design-studio-01.jpg.jpg)\"><\/div><div class=\"wp-block-cover__inner-container is-layout-flow wp-block-cover-is-layout-flow\">\n<div style=\"height:100px\" aria-hidden=\"true\" class=\"wp-block-spacer\"><\/div>\n\n\n\n<h2 class=\"wp-block-heading has-text-align-center has-text-color\" id=\"Home\" style=\"color:#121212\">Estamos aqui para ajudar voc\u00ea atingir seus objetivos atrav\u00e9s da consist\u00eancia.<\/h2>\n\n\n\n<div style=\"height:60px\" aria-hidden=\"true\" class=\"wp-block-spacer\"><\/div>\n\n\n\n<div class=\"wp-block-buttons is-horizontal is-content-justification-center is-layout-flex wp-container-core-buttons-is-layout-1 wp-block-buttons-is-layout-flex\">\n<div class=\"wp-block-button is-style-secondary\"><a class=\"wp-block-button__link wp-element-button\" href=\"https:\/\/wa.me\/5541988379058?text=Ol%C3%A1%2C+Gostaria+de+mais+informa%C3%A7%C3%B5es+sobre+o+time+XTRI+SPORTS.+\">ENTRE PARA O TIME<\/a><\/div>\n<\/div>\n\n\n\n<div style=\"height:300px\" aria-hidden=\"true\" class=\"wp-block-spacer\"><\/div>\n\n\n\n<div style=\"height:60px\" aria-hidden=\"true\" id=\"planos\" class=\"wp-block-spacer planos\"><\/div>\n\n\n\n<h2 class=\"wp-block-heading alignfull has-text-align-center has-neve-text-color-color has-nv-site-bg-background-color has-text-color has-background has-link-color wp-elements-e85bd8b35cb87468f5db976be7eb857e\">Planos<\/h2>\n\n\n\n<div style=\"height:33px\" aria-hidden=\"true\" class=\"wp-block-spacer\"><\/div>\n\n\n\n<div class=\"wp-block-columns is-layout-flex wp-container-core-columns-is-layout-1 wp-block-columns-is-layout-flex\">\n<div class=\"wp-block-column is-layout-flow wp-block-column-is-layout-flow\"><div class=\"wp-block-image\">\n<figure class=\"aligncenter size-full is-resized\"><img decoding=\"async\" width=\"72\" height=\"72\" src=\"https:\/\/xtri.com.br\/wp-content\/uploads\/2024\/02\/1-4.svg\" alt=\"\" class=\"wp-image-4094\" style=\"width:100px\"\/><\/figure><\/div>\n\n\n<div style=\"height:20px\" aria-hidden=\"true\" class=\"wp-block-spacer\"><\/div>\n\n\n\n<h3 class=\"wp-block-heading has-text-align-center\">Iniciante<\/h3>\n\n\n\n<p class=\"has-text-align-center\">O primeiro passo em dire\u00e7\u00e3o a uma vida mais ativa. Com exerc\u00edcios simples e suporte pr\u00e1tico, ajudamos voc\u00ea a come\u00e7ar a jornada para um estilo de vida mais saud\u00e1vel, sustent\u00e1vel e consistente.<\/p>\n\n\n\n<h5 class=\"wp-block-heading has-text-align-center\"><strong>Plano mensal<\/strong><br>R$ 59,90\/m\u00eas<\/h5>\n\n\n\n<div style=\"height:20px\" aria-hidden=\"true\" class=\"wp-block-spacer\"><\/div>\n<\/div>\n\n\n\n<div class=\"wp-block-column is-layout-flow wp-block-column-is-layout-flow\"><div class=\"wp-block-image\">\n<figure class=\"aligncenter size-full is-resized\"><img decoding=\"async\" width=\"72\" height=\"72\" src=\"https:\/\/xtri.com.br\/wp-content\/uploads\/2024\/02\/2-1.svg\" alt=\"\" class=\"wp-image-4095\" style=\"width:100px\"\/><\/figure><\/div>\n\n\n<div style=\"height:20px\" aria-hidden=\"true\" class=\"wp-block-spacer\"><\/div>\n\n\n\n<h3 class=\"wp-block-heading has-text-align-center\">Prova<\/h3>\n\n\n\n<p class=\"has-text-align-center\">Plano de treino para completar a primeira prova com sucesso. Com orienta\u00e7\u00f5es estrat\u00e9gicas, treinos espec\u00edficos e suporte cont\u00ednuo, estamos aqui para preparar voc\u00ea para cruzar a linha de chegada. <\/p>\n\n\n\n<h5 class=\"wp-block-heading has-text-align-center\">Plano per\u00edodo fixo<br>R$ 1,99\/dia<\/h5>\n\n\n\n<div style=\"height:20px\" aria-hidden=\"true\" class=\"wp-block-spacer\"><\/div>\n<\/div>\n\n\n\n<div class=\"wp-block-column is-layout-flow wp-block-column-is-layout-flow\"><div class=\"wp-block-image\">\n<figure class=\"aligncenter size-full is-resized\"><img decoding=\"async\" width=\"72\" height=\"72\" src=\"https:\/\/xtri.com.br\/wp-content\/uploads\/2024\/02\/3-1.svg\" alt=\"\" class=\"wp-image-4096\" style=\"aspect-ratio:1;object-fit:cover;width:100px\"\/><\/figure><\/div>\n\n\n<div style=\"height:20px\" aria-hidden=\"true\" class=\"wp-block-spacer\"><\/div>\n\n\n\n<h3 class=\"wp-block-heading has-text-align-center\">Cardio<\/h3>\n\n\n\n<p class=\"has-text-align-center\">A chave para perder peso de forma saud\u00e1vel. Com treinos envolventes e eficazes, orienta\u00e7\u00f5es personalizadas e um foco na sua sa\u00fade geral, ajudaremos voc\u00ea a atingir seus objetivos de maneira sustent\u00e1vel.<\/p>\n\n\n\n<h5 class=\"wp-block-heading has-text-align-center\"><strong>Plano mensal<\/strong><br>R$ 59,90\/m\u00eas<\/h5>\n\n\n\n<div style=\"height:20px\" aria-hidden=\"true\" class=\"wp-block-spacer\"><\/div>\n<\/div>\n\n\n\n<div class=\"wp-block-column is-layout-flow wp-block-column-is-layout-flow\"><div class=\"wp-block-image\">\n<figure class=\"aligncenter size-full is-resized\"><img loading=\"lazy\" decoding=\"async\" width=\"72\" height=\"72\" src=\"https:\/\/xtri.com.br\/wp-content\/uploads\/2024\/02\/4-1.svg\" alt=\"\" class=\"wp-image-4097\" style=\"aspect-ratio:1;object-fit:cover;width:100px\"\/><\/figure><\/div>\n\n\n<div style=\"height:20px\" aria-hidden=\"true\" class=\"wp-block-spacer\"><\/div>\n\n\n\n<h3 class=\"wp-block-heading has-text-align-center\">Extreme<\/h3>\n\n\n\n<p class=\"has-text-align-center\">Para quem quer completar provas com mais de 2 horas de dura\u00e7\u00e3o. Atrav\u00e9s de estrat\u00e9gias avan\u00e7adas e suporte especializado, vamos prepar\u00e1-lo para enfrentar objetivos mais dif\u00edceis e audaciosos.<\/p>\n\n\n\n<h5 class=\"wp-block-heading has-text-align-center\">Plano per\u00edodo fixo<br>R$ 2,49\/dia<\/h5>\n\n\n\n<div style=\"height:20px\" aria-hidden=\"true\" class=\"wp-block-spacer\"><\/div>\n<\/div>\n<\/div>\n\n\n\n<div style=\"height:60px\" aria-hidden=\"true\" id=\"coach\" class=\"wp-block-spacer coach\"><\/div>\n\n\n\n<h2 class=\"wp-block-heading alignfull has-text-align-center has-neve-text-color-color has-nv-site-bg-background-color has-text-color has-background has-link-color wp-elements-f0f3c5a1a886f9f6ed13b5e1312b1ab0\">Coach<\/h2>\n\n\n\n<div class=\"wp-block-columns is-layout-flex wp-container-core-columns-is-layout-2 wp-block-columns-is-layout-flex\">\n<div class=\"wp-block-column is-layout-flow wp-block-column-is-layout-flow\"><div class=\"wp-block-image is-style-default\">\n<figure class=\"aligncenter size-full is-resized has-custom-border\"><img loading=\"lazy\" decoding=\"async\" width=\"512\" height=\"512\" src=\"https:\/\/xtri.com.br\/wp-content\/uploads\/2024\/02\/LimaTriCorrendo_tratada.png\" alt=\"\" class=\"wp-image-4236\" style=\"border-radius:0px;object-fit:cover;width:490px;height:auto\" srcset=\"https:\/\/xtri.com.br\/wp-content\/uploads\/2024\/02\/LimaTriCorrendo_tratada.png 512w, https:\/\/xtri.com.br\/wp-content\/uploads\/2024\/02\/LimaTriCorrendo_tratada-300x300.png 300w, https:\/\/xtri.com.br\/wp-content\/uploads\/2024\/02\/LimaTriCorrendo_tratada-150x150.png 150w\" sizes=\"(max-width: 512px) 100vw, 512px\" \/><\/figure><\/div><\/div>\n\n\n\n<div class=\"wp-block-column is-layout-flow wp-block-column-is-layout-flow\">\n<div style=\"height:18px\" aria-hidden=\"true\" class=\"wp-block-spacer\"><\/div>\n\n\n\n<p class=\"has-text-align-center\">Anderson <strong>Lima <\/strong>nutre uma paix\u00e3o cont\u00ednua pelo triatlo desde 2005. Ao longo dos anos, ele participou de uma variedade de competi\u00e7\u00f5es, abrangendo diferentes dist\u00e2ncias de triatlo (curta, ol\u00edmpica, meio Ironman, Ironman, Extreme Ironman), corridas (5k, 10k, meia maratona, maratona) e v\u00e1rias travessias aqu\u00e1ticas (750m, 1500m, 3000m, 5000m, 8000m), acumulando uma vasta experi\u00eancia no esporte. Sua dedica\u00e7\u00e3o ao triatlo \u00e9 complementada por sua forma\u00e7\u00e3o acad\u00eamica em Bacharelado em Educa\u00e7\u00e3o F\u00edsica (CREF PR-043275), onde desenvolveu um interesse profundo pela an\u00e1lise e estudo de dados relacionados ao desempenho esportivo. Atrav\u00e9s de XTRI SPORTS passar\u00e1 a desempenhar um papel significativo no desenvolvimento e sucesso de atletas e equipes, unindo sua experi\u00eancia pr\u00e1tica e conhecimento te\u00f3rico.<\/p>\n\n\n\n<p class=\"has-text-align-center\"><strong>&#8220;A experi\u00eancia aliada \u00e0 consist\u00eancia no esporte \u00e9 a f\u00f3rmula infal\u00edvel para o sucesso.&#8221;<\/strong><\/p>\n<\/div>\n\n\n\n<div class=\"wp-block-column is-layout-flow wp-block-column-is-layout-flow\" style=\"flex-basis:40px\"><\/div>\n<\/div>\n\n\n<div class=\"wp-block-image is-style-rounded\">\n<figure class=\"aligncenter size-large has-custom-border\"><img loading=\"lazy\" decoding=\"async\" width=\"1024\" height=\"462\" src=\"http:\/\/xtri.com.br\/wp-content\/uploads\/2024\/02\/medalhas-1-1024x462.jpg\" alt=\"\" class=\"wp-image-4337\" style=\"border-radius:40px\" srcset=\"https:\/\/xtri.com.br\/wp-content\/uploads\/2024\/02\/medalhas-1-1024x462.jpg 1024w, https:\/\/xtri.com.br\/wp-content\/uploads\/2024\/02\/medalhas-1-300x135.jpg 300w, https:\/\/xtri.com.br\/wp-content\/uploads\/2024\/02\/medalhas-1-768x346.jpg 768w, https:\/\/xtri.com.br\/wp-content\/uploads\/2024\/02\/medalhas-1-1536x693.jpg 1536w, https:\/\/xtri.com.br\/wp-content\/uploads\/2024\/02\/medalhas-1-2048x924.jpg 2048w\" sizes=\"(max-width: 1024px) 100vw, 1024px\" \/><\/figure><\/div>\n\n\n<div style=\"height:60px\" aria-hidden=\"true\" id=\"treinos\" class=\"wp-block-spacer treinos\"><\/div>\n\n\n\n<h2 class=\"wp-block-heading alignfull has-text-align-center has-neve-text-color-color has-nv-site-bg-background-color has-text-color has-background has-link-color wp-elements-0925b2fc3adb8c15122ebbca0a03e671\">Treinos<\/h2>\n\n\n\n<div class=\"wp-block-columns is-layout-flex wp-container-core-columns-is-layout-3 wp-block-columns-is-layout-flex\">\n<div class=\"wp-block-column is-layout-flow wp-block-column-is-layout-flow\" style=\"flex-basis:40px\"><\/div>\n\n\n\n<div class=\"wp-block-column is-layout-flow wp-block-column-is-layout-flow\">\n<div style=\"height:15px\" aria-hidden=\"true\" class=\"wp-block-spacer\"><\/div>\n\n\n\n<p class=\"has-text-align-center\">Na minha abordagem de treinamento, priorizo a consist\u00eancia di\u00e1ria como um elemento fundamental para o sucesso atl\u00e9tico. Acredito que \u00e9 atrav\u00e9s da pr\u00e1tica regular e dedicada que se alcan\u00e7am os melhores resultados a longo prazo. Para garantir essa consist\u00eancia, utilizo uma variedade de aplicativos especializados, como o Training Peaks, Garmin Connect, Zwift e Bkool. Essas plataformas n\u00e3o apenas me permitem planejar as sess\u00f5es de treinamento com anteced\u00eancia, mas tamb\u00e9m fornecem insights valiosos sobre o progresso ao longo do tempo. Com dados precisos de desempenho e an\u00e1lises detalhadas, posso ajustar o treinamento conforme necess\u00e1rio para otimizar os resultados. Al\u00e9m disso, a integra\u00e7\u00e3o desses aplicativos com dispositivos como rel\u00f3gios GPS e rolos de treino inteligentes torna a execu\u00e7\u00e3o dos treinos ainda mais conveniente e eficaz. Essa combina\u00e7\u00e3o de consist\u00eancia di\u00e1ria e tecnologia avan\u00e7ada \u00e9 a chave para alcan\u00e7ar os seus objetivos.<\/p>\n\n\n\n<p class=\"has-text-align-center\"><strong>&#8220;A tecnologia transforma obst\u00e1culos em oportunidades e sonhos em conquistas.&#8221;<\/strong><\/p>\n<\/div>\n\n\n\n<div class=\"wp-block-column is-layout-flow wp-block-column-is-layout-flow\">\n<div style=\"height:12px\" aria-hidden=\"true\" class=\"wp-block-spacer\"><\/div>\n\n\n<div class=\"wp-block-image\">\n<figure class=\"aligncenter size-full is-resized\"><img loading=\"lazy\" decoding=\"async\" width=\"512\" height=\"512\" src=\"https:\/\/xtri.com.br\/wp-content\/uploads\/2024\/02\/appslogos.png\" alt=\"\" class=\"wp-image-4238\" style=\"object-fit:cover;width:426px;height:auto\" srcset=\"https:\/\/xtri.com.br\/wp-content\/uploads\/2024\/02\/appslogos.png 512w, https:\/\/xtri.com.br\/wp-content\/uploads\/2024\/02\/appslogos-300x300.png 300w, https:\/\/xtri.com.br\/wp-content\/uploads\/2024\/02\/appslogos-150x150.png 150w\" sizes=\"(max-width: 512px) 100vw, 512px\" \/><\/figure><\/div><\/div>\n<\/div>\n\n\n\n<div class=\"wp-block-columns is-layout-flex wp-container-core-columns-is-layout-4 wp-block-columns-is-layout-flex\">\n<div class=\"wp-block-column is-layout-flow wp-block-column-is-layout-flow\" style=\"flex-basis:40px\"><\/div>\n\n\n\n<div class=\"wp-block-column is-layout-flow wp-block-column-is-layout-flow\">\n<div style=\"height:15px\" aria-hidden=\"true\" class=\"wp-block-spacer\"><\/div>\n\n\n\n<p class=\"has-text-align-center\">Estou usando o perfil comportamental DISC como uma ferramenta para alinhar a estrat\u00e9gia de treinamento dos meus atletas de forma mais eficaz. O DISC categoriza os comportamentos em Domin\u00e2ncia, Influ\u00eancia, Estabilidade e Conformidade, e isso tem me permitido entender melhor como cada atleta responde ao treinamento e se motiva. Ao conhecer o perfil comportamental de cada um, tenho adaptado os m\u00e9todos de treinamento para se adequar \u00e0s suas prefer\u00eancias e necessidades individuais. Isso n\u00e3o apenas melhorou a comunica\u00e7\u00e3o entre mim e os atletas, mas tamb\u00e9m aumentou sua motiva\u00e7\u00e3o e comprometimento com o treinamento. Personalizando as estrat\u00e9gias de treinamento com base no perfil DISC de cada atleta, tenho alcan\u00e7ado um melhor desempenho e sucesso no esporte.<\/p>\n\n\n\n<p class=\"has-text-align-center\"><strong>&#8220;Abrace sua singularidade e transforme seus comportamentos em poderosas ferramentas para alcan\u00e7ar seus sonhos.&#8221;<\/strong><\/p>\n<\/div>\n\n\n\n<div class=\"wp-block-column is-layout-flow wp-block-column-is-layout-flow\">\n<div style=\"height:12px\" aria-hidden=\"true\" class=\"wp-block-spacer\"><\/div>\n\n\n<div class=\"wp-block-image\">\n<figure class=\"aligncenter size-full is-resized\"><img loading=\"lazy\" decoding=\"async\" width=\"400\" height=\"300\" src=\"https:\/\/xtri.com.br\/wp-content\/uploads\/2024\/02\/disc-edited.png\" alt=\"\" class=\"wp-image-4343\" style=\"object-fit:cover;width:552px;height:auto\" srcset=\"https:\/\/xtri.com.br\/wp-content\/uploads\/2024\/02\/disc-edited.png 400w, https:\/\/xtri.com.br\/wp-content\/uploads\/2024\/02\/disc-edited-300x225.png 300w\" sizes=\"(max-width: 400px) 100vw, 400px\" \/><\/figure><\/div><\/div>\n<\/div>\n\n\n\n<div style=\"height:60px\" aria-hidden=\"true\" id=\"depoimentos\" class=\"wp-block-spacer depoimentos\"><\/div>\n\n\n\n<h2 class=\"wp-block-heading alignfull has-text-align-center has-neve-text-color-color has-nv-site-bg-background-color has-text-color has-background has-link-color wp-elements-924a67eb59d461642e1c8ecb26ad3778\">Depoimentos<\/h2>\n\n\n\n<div class=\"wp-block-columns is-layout-flex wp-container-core-columns-is-layout-5 wp-block-columns-is-layout-flex\">\n<div class=\"wp-block-column is-layout-flow wp-block-column-is-layout-flow\" style=\"flex-basis:20px\"><\/div>\n\n\n\n<div class=\"wp-block-column is-layout-flow wp-block-column-is-layout-flow\">\n<p class=\"has-text-align-center\">&#8220;O que realmente destaca a XTRI SPORTS \u00e9 o atendimento personalizado, a rapidez e a qualidade do feedback. Ele ajusta os treinos de acordo com a minha rotina di\u00e1ria e prop\u00f5e mudan\u00e7as sempre que necess\u00e1rio. Com o seu programa de treinamento, consegui alcan\u00e7ar meus objetivos e me destacar entre os primeiros colocados em diversas provas de triathlon! Recomendo totalmente !&#8221; &#8211; <strong><em>Lizandra<\/em> <em>(Dentista<\/em>)<\/strong><\/p>\n\n\n\n<p class=\"has-text-align-center\"><br>&#8220;Com muita alegria, gostaria de compartilhar minhas conquistas do ano de 2023. Em 2017, entrei no mundo do esporte ao aprender a nadar. Realizei algumas provas com treinos isolados, no entanto, em 2023, o desafio aumentou, e foi a XTRI SPORTS quem desempenhou um papel importante ao me conduzir por um treinamento espec\u00edfico para minha primeira participa\u00e7\u00e3o no 70.3 Ironman, em apenas seis meses de prepara\u00e7\u00e3o. Senti-me segura e apoiada durante todo o processo. A XTRI SPORTS sempre foi prestativa, preocupada em ouvir minhas d\u00favidas e ajustar os treinos conforme minhas necessidades. T\u00e3o segura me senti que, no mesmo ano, apenas tr\u00eas meses ap\u00f3s essa conquista, consegui realizar minha primeira maratona, seguindo o ciclo de treinamento. Isso s\u00f3 foi poss\u00edvel gra\u00e7as aos treinos e \u00e0 dedica\u00e7\u00e3o da XTRI SPORTS.&#8221; &#8211; <strong><em>Daniela (Dentista)<\/em><\/strong><\/p>\n\n\n\n<p class=\"has-text-align-center\"><br>&#8220;Agrade\u00e7o ao meu Coach e amigo Anderson @limaxtri da equipe XTRI SPORTS por me colocar de novo no ritmo dos treinos di\u00e1rios, por cuidar do planejamento da volta, pelo cuidado, aten\u00e7\u00e3o por adaptar a minha rotina, por ajudar a voltar a ter consist\u00eancia. Seu olhar fez toda diferen\u00e7a. Muito obrigada.&#8221; &#8211; <strong><em>Fabiane (Advogada)<\/em><\/strong><\/p>\n\n\n\n<p class=\"has-text-align-center\"><br>&#8220;Gostaria de expressar minha profunda gratid\u00e3o \u00e0 XTRI SPORTS e a toda a sua equipe que me apoiou e encorajou durante minha jornada. Quando decidi participar do meu primeiro triatlo, t\u00ednhamos menos de tr\u00eas meses at\u00e9 a data da prova. Comprometi-me comigo mesmo e segui os treinos que o Anderson recomendou, e juntos buscamos realizar esse sonho de completar meu primeiro triatlo. Sem o apoio da XTRI SPORTS, essa conquista n\u00e3o seria poss\u00edvel. Agrade\u00e7o por acreditarem em mim e por me motivarem a alcan\u00e7ar meus objetivos. Estou muito feliz pela supera\u00e7\u00e3o e por ter conclu\u00eddo a prova, que foi uma experi\u00eancia incr\u00edvel. Tamb\u00e9m agrade\u00e7o por poder compartilhar este momento com pessoas t\u00e3o especiais, familiares e amigos. Muito obrigado.&#8221; &#8211; <strong>Marcelo (Policial Militar)<\/strong><\/p>\n<\/div>\n\n\n\n<div class=\"wp-block-column is-layout-flow wp-block-column-is-layout-flow\" style=\"flex-basis:20px\"><\/div>\n<\/div>\n\n\n\n<div style=\"height:60px\" aria-hidden=\"true\" id=\"loja\" class=\"wp-block-spacer loja\"><\/div>\n\n\n\n<h2 class=\"wp-block-heading alignfull has-text-align-center has-neve-text-color-color has-nv-site-bg-background-color has-text-color has-background has-link-color wp-elements-c08c0610be96640b2e367b35193e6bb3\">Loja<\/h2>\n\n\n\n<div style=\"height:60px\" aria-hidden=\"true\" class=\"wp-block-spacer\"><\/div>\n\n\n\n<h3 class=\"wp-block-heading has-text-align-center\">Em Breve<\/h3>\n\n\n\n<div style=\"height:60px\" aria-hidden=\"true\" id=\"contato\" class=\"wp-block-spacer contato\"><\/div>\n\n\n\n<h2 class=\"wp-block-heading alignfull has-text-align-center has-neve-text-color-color has-nv-site-bg-background-color has-text-color has-background has-link-color wp-elements-42fc9eb7c4ebbde723f69029eb3165f1\">Contato<\/h2>\n\n\n\n<div class=\"wp-block-columns is-layout-flex wp-container-core-columns-is-layout-6 wp-block-columns-is-layout-flex\">\n<div class=\"wp-block-column is-layout-flow wp-block-column-is-layout-flow\">\n<div style=\"height:28px\" aria-hidden=\"true\" class=\"wp-block-spacer\"><\/div>\n\n\n\n<p class=\"has-text-align-center\"><strong><span style=\"text-decoration: underline;\">Email<\/span><\/strong><br>lima@xtri.com.br<\/p>\n\n\n\n<p class=\"has-text-align-center\"><span style=\"text-decoration: underline;\"><strong>Whatsapp<\/strong><br><\/span><a href=\"https:\/\/wa.me\/5541988379058?text=Ol%C3%A1%2C+Gostaria+de+mais+informa%C3%A7%C3%B5es+sobre+o+time+XTRI+SPORTS.+\">+55 41 988379058<\/a><\/p>\n\n\n\n<p class=\"has-text-align-center\"><span style=\"text-decoration: underline;\"><strong>Instagram<\/strong><br><\/span>@xtrisports<\/p>\n<\/div>\n\n\n\n<div class=\"wp-block-column is-layout-flow wp-block-column-is-layout-flow\">\n<div style=\"height:26px\" aria-hidden=\"true\" class=\"wp-block-spacer\"><\/div>\n\n\n\n<p class=\"has-text-align-center\"><strong><span style=\"text-decoration: underline;\">Hor\u00e1rios<\/span><\/strong><\/p>\n\n\n\n<p class=\"has-text-align-center\">Seg \u00e0 Sex <br>das 18 \u00e0s 22 hrs<br><br>Sab e Dom <br>das 06 \u00e0s 22hrs<br><br><a href=\"https:\/\/xtri.com.br\/?page_id=4372\" data-type=\"page\" data-id=\"4372\"><a href=\"https:\/\/xtri.com.br\/?page_id=4372\" data-type=\"page\" data-id=\"4372\">Pol\u00edtica de Privacidade<\/a><br><a href=\"https:\/\/xtri.com.br\/?page_id=4375\" data-type=\"page\" data-id=\"4375\">Privacy Policy<\/a><\/a><\/p>\n<\/div>\n<\/div>\n\n\n\n<div style=\"height:300px\" aria-hidden=\"true\" class=\"wp-block-spacer\"><\/div>\n<\/div><\/div>\n","protected":false},"excerpt":{"rendered":"","protected":false},"author":1,"featured_media":0,"parent":0,"menu_order":0,"comment_status":"closed","ping_status":"closed","template":"","meta":{"neve_meta_sidebar":"default","neve_meta_container":"default","neve_meta_enable_content_width":"on","neve_meta_content_width":100,"neve_meta_title_alignment":"","neve_meta_author_avatar":"","neve_post_elements_order":"","neve_meta_disable_header":"","neve_meta_disable_footer":"","neve_meta_disable_title":"on","neve_meta_reading_time":"","_themeisle_gutenberg_block_has_review":false,"_ti_tpc_template_sync":false,"_ti_tpc_template_id":"5udqur826ojgsxrmsxsc","footnotes":""},"_links":{"self":[{"href":"https:\/\/xtri.com.br\/index.php?rest_route=\/wp\/v2\/pages\/4006"}],"collection":[{"href":"https:\/\/xtri.com.br\/index.php?rest_route=\/wp\/v2\/pages"}],"about":[{"href":"https:\/\/xtri.com.br\/index.php?rest_route=\/wp\/v2\/types\/page"}],"author":[{"embeddable":true,"href":"https:\/\/xtri.com.br\/index.php?rest_route=\/wp\/v2\/users\/1"}],"replies":[{"embeddable":true,"href":"https:\/\/xtri.com.br\/index.php?rest_route=%2Fwp%2Fv2%2Fcomments&post=4006"}],"version-history":[{"count":110,"href":"https:\/\/xtri.com.br\/index.php?rest_route=\/wp\/v2\/pages\/4006\/revisions"}],"predecessor-version":[{"id":4380,"href":"https:\/\/xtri.com.br\/index.php?rest_route=\/wp\/v2\/pages\/4006\/revisions\/4380"}],"wp:attachment":[{"href":"https:\/\/xtri.com.br\/index.php?rest_route=%2Fwp%2Fv2%2Fmedia&parent=4006"}],"curies":[{"name":"wp","href":"https:\/\/api.w.org\/{rel}","templated":true}]}}